{"id":25,"date":"2017-06-14T21:44:09","date_gmt":"2017-06-14T21:44:09","guid":{"rendered":"http:\/\/demo.curlythemes.com\/theatrewp\/?page_id=25"},"modified":"2025-09-10T08:03:48","modified_gmt":"2025-09-10T08:03:48","slug":"about-us","status":"publish","type":"page","link":"https:\/\/profetrolls.pt\/?page_id=25","title":{"rendered":"Sobre n\u00f3s"},"content":{"rendered":"<div class=\"wpb-content-wrapper\">[vc_row full_width=&#8221;stretch_row&#8221; curly_bg_repeat=&#8221;bg-no-repeat&#8221; curly_bg_position=&#8221;bg-pos-center-bottom&#8221; curly_padding=&#8221;content-padding-lg&#8221; css=&#8221;.vc_custom_1497731114151{padding-top: 15% !important;background-image: url(http:\/\/profetrolls.pt\/wp-content\/uploads\/2017\/06\/OsloNationalTheater-11.jpg?id=56) !important;background-position: center !important;background-repeat: no-repeat !important;background-size: cover !important;}&#8221;][vc_column width=&#8221;1\/2&#8243;][vc_column_text css=&#8221;&#8221;]\n<h1 class=\"special-title display-1\">Sobre n\u00f3s<\/h1>\n[\/vc_column_text][vc_empty_space height=&#8221;&#8221; el_class=&#8221;xtd-spacer&#8211;lg&#8221;][vc_column_text css=&#8221;&#8221;]\n<p class=\"lead lead-lg\">Os ProfeTrolls \u2013 Grupo de Teatro de Docentes \u2013 s\u00e3o, em primeiro lugar, um grupo de professores que gosta imenso de teatro.<\/p>\n[\/vc_column_text][vc_empty_space height=&#8221;&#8221; el_class=&#8221;xtd-spacer&#8221;][\/vc_column][vc_column width=&#8221;5\/12&#8243; offset=&#8221;vc_col-sm-offset-1&#8243;][vc_single_image image=&#8221;246&#8243; img_size=&#8221;large&#8221; style=&#8221;xtd-shadow&#8211;large-hard&#8221; css=&#8221;&#8221; el_class=&#8221;xtd-offset-frame&#8221;][\/vc_column][\/vc_row][vc_row full_width=&#8221;stretch_row&#8221; curly_bg_repeat=&#8221;bg-no-repeat&#8221; curly_bg_position=&#8221;bg-pos-center-bottom&#8221; curly_bg_parallax=&#8221;true&#8221; curly_padding=&#8221;content-padding-lg&#8221; css=&#8221;.vc_custom_1497610370674{background-image: url(http:\/\/profetrolls.pt\/wp-content\/uploads\/2017\/06\/staatsoperwien2-3.jpg?id=57) !important;background-position: center !important;background-repeat: no-repeat !important;background-size: cover !important;}&#8221; el_id=&#8221;about-us&#8221;][vc_column offset=&#8221;vc_col-sm-offset-1&#8243;]<div class='xtd-timeline '><div class='xtd-timeline__item' data-title='Origem'>[vc_single_image image=&#8221;193&#8243; img_size=&#8221;large&#8221; style=&#8221;xtd-shadow&#8211;large-hard&#8221; css=&#8221;&#8221; el_class=&#8221;xtd-offset-frame&#8221;][vc_column_text css=&#8221;.vc_custom_1756209367595{margin-top: -6em !important;}&#8221; el_class=&#8221;z-index&#8211;2&#8243;]<strong class=\"font-family--h1 display-4\">2023<\/strong>[\/vc_column_text][vc_empty_space][vc_column_text css=&#8221;&#8221;]\n<p class=\"lead-sm h1--font-family\">O projeto de formar uma companhia de teatro de docentes surgiu, h\u00e1 muito anos atr\u00e1s, na Escola Secund\u00e1ria de Felgueiras, onde alguns dos atuais membros do grupo se conheceram e onde fizeram algumas encena\u00e7\u00f5es. Entretanto, no ver\u00e3o de 2023, esses e outros docentes decidiram constituir uma associa\u00e7\u00e3o. O nome da associa\u00e7\u00e3o \u00e9 da autoria do professor C\u00e9sar Coelho, Prof. de Matem\u00e1tica e \u201cTroll\u201d nas horas mais livres. Portanto, a ideia de formar este projeto foi-se desenvolvendo ao longo dos \u00faltimos anos, mas a associa\u00e7\u00e3o s\u00f3 existe formalmente, com os seus \u00f3rg\u00e3os sociais constitu\u00eddos, desde outubro de 2023. O nome da associa\u00e7\u00e3o \u00e9 exatamente \u201cProfeTrolls \u2013 Grupo de Teatro de Docentes\u201d.<\/p>\n[\/vc_column_text]<\/div><div class='xtd-timeline__item' data-title='Miss\u00e3o'>[vc_single_image image=&#8221;186&#8243; img_size=&#8221;large&#8221; style=&#8221;xtd-shadow&#8211;large-hard&#8221; css=&#8221;&#8221; el_class=&#8221;xtd-offset-frame&#8221;][vc_empty_space][vc_column_text css=&#8221;&#8221;]\n<p class=\"lead-sm h1--font-family\">A miss\u00e3o dos ProfeTrolls \u00e9 dinamizar encena\u00e7\u00f5es de cariz pedag\u00f3gico para o p\u00fablico escolar, nomeadamente a partir dos textos de leitura obrigat\u00f3ria ou facultativa nas diferentes disciplinas, respeitando, sempre que poss\u00edvel, os textos originais.<\/p>\n[\/vc_column_text]<\/div><div class='xtd-timeline__item' data-title='Objetivos'>[vc_single_image image=&#8221;171&#8243; img_size=&#8221;large&#8221; style=&#8221;xtd-shadow&#8211;large-hard&#8221; css=&#8221;.vc_custom_1756209527398{margin-right: -6rem !important;}&#8221; el_class=&#8221;xtd-offset-frame&#8221;][vc_empty_space][vc_column_text css=&#8221;&#8221;]<strong>Pedag\u00f3gicos<\/strong>: motivar os alunos para a leitura dos textos encenados; melhorar a compreens\u00e3o desses mesmo textos; aprofundar o conhecimento dos alunos em rela\u00e7\u00e3o \u00e0s obras encenadas.<\/p>\n<p><strong>Culturais<\/strong>: oferecer eventos culturais de forma descentralizada; criar p\u00fablico para teatro e para outras artes.<\/p>\n<p><strong>Sociais<\/strong>: levar eventos culturais a popula\u00e7\u00f5es que normalmente n\u00e3o t\u00eam acesso a esse tipo de eventos; oferecer encena\u00e7\u00f5es de texto consagrados a pre\u00e7os acess\u00edveis.[\/vc_column_text]<\/div><\/div>[\/vc_column][\/vc_row][vc_row content_placement=&#8221;middle&#8221; curly_padding=&#8221;content-padding-lg&#8221; el_id=&#8221;staff-board&#8221;][vc_column width=&#8221;7\/12&#8243;][vc_column_text css=&#8221;&#8221;]\n<h1 class=\"special-title\">\u00d3rg\u00e3os Sociais<\/h1>\n<p class=\"lead\">Mesa da Assembleia Geral:<\/p>\n<p><strong>Presidente<\/strong>: Lu\u00eds Jorge Batista Vasconcelos<br \/>\n<strong>Primeira Secret\u00e1ria<\/strong>: Rosa Sandra de Magalh\u00e3es Fernandes<br \/>\n<strong>Segunda Secret\u00e1ria<\/strong>: Armanda da Concei\u00e7\u00e3o Baptista Rodrigues de Sousa<\/p>\n<p><strong>Suplente<\/strong>: S\u00f3nia Maria Ribeiro Macedo<\/p>\n<p class=\"lead\">Dire\u00e7\u00e3o:<\/p>\n<p><strong>Presidente<\/strong>: Pedro Miguel da Silva Ara\u00fajo<br \/>\n<strong>Vice-Presidente<\/strong>: Elisabete da Concei\u00e7\u00e3o Maia Freitas<br \/>\n<strong>Tesoureiro<\/strong>: C\u00e9sar Emanuel Moreira Nogueira Ferreira Coelho<\/p>\n<p><strong>Suplente<\/strong>: Jo\u00e3o Carlos Sousa Teixeira da Fonseca<\/p>\n<p class=\"lead\">Conselho Fiscal:<\/p>\n<p><strong>Presidente<\/strong>: Maria Isabel de Simas Bettencourt e Abreu Amorim<br \/>\n<strong>Vice-Presidente<\/strong>: Jos\u00e9 Camilo Teixeira Dias<br \/>\n<strong>Vogal<\/strong>: M\u00e1rcio Eug\u00e9nio de Castro Meireles<\/p>\n<p><strong>Suplente<\/strong>: Miguel \u00c2ngelo Machado Ara\u00fajo[\/vc_column_text][vc_empty_space height=&#8221;&#8221; el_class=&#8221;xtd-spacer&#8221;][\/vc_column][\/vc_row]\n<\/div>","protected":false},"excerpt":{"rendered":"<p>[vc_row full_width=&#8221;stretch_row&#8221; curly_bg_repeat=&#8221;bg-no-repeat&#8221; curly_bg_position=&#8221;bg-pos-center-bottom&#8221; curly_padding=&#8221;content-padding-lg&#8221; css=&#8221;.vc_custom_1497731114151{padding-top: 15% !important;background-image: url(http:\/\/profetrolls.pt\/wp-content\/uploads\/2017\/06\/OsloNationalTheater-11.jpg?id=56) !important;background-position: center !important;background-repeat: no-repeat !important;background-size: cover !important;}&#8221;][vc_column width=&#8221;1\/2&#8243;][vc_column_text css=&#8221;&#8221;] Sobre n\u00f3s [\/vc_column_text][vc_empty_space height=&#8221;&#8221; el_class=&#8221;xtd-spacer&#8211;lg&#8221;][vc_column_text css=&#8221;&#8221;] Os ProfeTrolls \u2013 Grupo de Teatro de Docentes \u2013 s\u00e3o, em primeiro lugar, um grupo de professores que gosta imenso de teatro. [\/vc_column_text][vc_empty_space height=&#8221;&#8221; el_class=&#8221;xtd-spacer&#8221;][\/vc_column][vc_column width=&#8221;5\/12&#8243; offset=&#8221;vc_col-sm-offset-1&#8243;][vc_single_image image=&#8221;246&#8243; img_size=&#8221;large&#8221; style=&#8221;xtd-shadow&#8211;large-hard&#8221; css=&#8221;&#8221; el_class=&#8221;xtd-offset-frame&#8221;][\/vc_column][\/vc_row][vc_row full_width=&#8221;stretch_row&#8221; curly_bg_repeat=&#8221;bg-no-repeat&#8221; curly_bg_position=&#8221;bg-pos-center-bottom&#8221; curly_bg_parallax=&#8221;true&#8221; [&hellip;]<\/p>\n","protected":false},"author":2,"featured_media":0,"parent":0,"menu_order":0,"comment_status":"closed","ping_status":"closed","template":"","meta":{"inline_featured_image":false,"footnotes":""},"class_list":["post-25","page","type-page","status-publish","hentry"],"yoast_head":"<!-- This site is optimized with the Yoast SEO plugin v25.9 - https:\/\/yoast.com\/wordpress\/plugins\/seo\/ -->\n<title>Sobre n\u00f3s - ProfeTrolls<\/title>\n<meta name=\"robots\" content=\"index, follow, max-snippet:-1, max-image-preview:large, max-video-preview:-1\" \/>\n<link rel=\"canonical\" href=\"https:\/\/profetrolls.pt\/?page_id=25\" \/>\n<meta property=\"og:locale\" content=\"pt_PT\" \/>\n<meta property=\"og:type\" content=\"article\" \/>\n<meta property=\"og:title\" content=\"Sobre n\u00f3s - ProfeTrolls\" \/>\n<meta property=\"og:description\" content=\"[vc_row full_width=&#8221;stretch_row&#8221; curly_bg_repeat=&#8221;bg-no-repeat&#8221; curly_bg_position=&#8221;bg-pos-center-bottom&#8221; curly_padding=&#8221;content-padding-lg&#8221; css=&#8221;.vc_custom_1497731114151{padding-top: 15% !important;background-image: url(http:\/\/profetrolls.pt\/wp-content\/uploads\/2017\/06\/OsloNationalTheater-11.jpg?id=56) !important;background-position: center !important;background-repeat: no-repeat !important;background-size: cover !important;}&#8221;][vc_column width=&#8221;1\/2&#8243;][vc_column_text css=&#8221;&#8221;] Sobre n\u00f3s [\/vc_column_text][vc_empty_space height=&#8221;&#8221; el_class=&#8221;xtd-spacer&#8211;lg&#8221;][vc_column_text css=&#8221;&#8221;] Os ProfeTrolls \u2013 Grupo de Teatro de Docentes \u2013 s\u00e3o, em primeiro lugar, um grupo de professores que gosta imenso de teatro. [\/vc_column_text][vc_empty_space height=&#8221;&#8221; el_class=&#8221;xtd-spacer&#8221;][\/vc_column][vc_column width=&#8221;5\/12&#8243; offset=&#8221;vc_col-sm-offset-1&#8243;][vc_single_image image=&#8221;246&#8243; img_size=&#8221;large&#8221; style=&#8221;xtd-shadow&#8211;large-hard&#8221; css=&#8221;&#8221; el_class=&#8221;xtd-offset-frame&#8221;][\/vc_column][\/vc_row][vc_row full_width=&#8221;stretch_row&#8221; curly_bg_repeat=&#8221;bg-no-repeat&#8221; curly_bg_position=&#8221;bg-pos-center-bottom&#8221; curly_bg_parallax=&#8221;true&#8221; [&hellip;]\" \/>\n<meta property=\"og:url\" content=\"https:\/\/profetrolls.pt\/?page_id=25\" \/>\n<meta property=\"og:site_name\" content=\"ProfeTrolls\" \/>\n<meta property=\"article:publisher\" content=\"https:\/\/www.facebook.com\/profile.php?id=61556067064058\" \/>\n<meta property=\"article:modified_time\" content=\"2025-09-10T08:03:48+00:00\" \/>\n<meta name=\"twitter:card\" content=\"summary_large_image\" \/>\n<meta name=\"twitter:label1\" content=\"Tempo estimado de leitura\" \/>\n\t<meta name=\"twitter:data1\" content=\"3 minutos\" \/>\n<script type=\"application\/ld+json\" class=\"yoast-schema-graph\">{\"@context\":\"https:\/\/schema.org\",\"@graph\":[{\"@type\":\"WebPage\",\"@id\":\"https:\/\/profetrolls.pt\/?page_id=25\",\"url\":\"https:\/\/profetrolls.pt\/?page_id=25\",\"name\":\"Sobre n\u00f3s - ProfeTrolls\",\"isPartOf\":{\"@id\":\"https:\/\/profetrolls.pt\/#website\"},\"datePublished\":\"2017-06-14T21:44:09+00:00\",\"dateModified\":\"2025-09-10T08:03:48+00:00\",\"breadcrumb\":{\"@id\":\"https:\/\/profetrolls.pt\/?page_id=25#breadcrumb\"},\"inLanguage\":\"pt-PT\",\"potentialAction\":[{\"@type\":\"ReadAction\",\"target\":[\"https:\/\/profetrolls.pt\/?page_id=25\"]}]},{\"@type\":\"BreadcrumbList\",\"@id\":\"https:\/\/profetrolls.pt\/?page_id=25#breadcrumb\",\"itemListElement\":[{\"@type\":\"ListItem\",\"position\":1,\"name\":\"In\u00edcio\",\"item\":\"https:\/\/profetrolls.pt\/\"},{\"@type\":\"ListItem\",\"position\":2,\"name\":\"Sobre n\u00f3s\"}]},{\"@type\":\"WebSite\",\"@id\":\"https:\/\/profetrolls.pt\/#website\",\"url\":\"https:\/\/profetrolls.pt\/\",\"name\":\"ProfeTrolls\",\"description\":\"\",\"publisher\":{\"@id\":\"https:\/\/profetrolls.pt\/#organization\"},\"potentialAction\":[{\"@type\":\"SearchAction\",\"target\":{\"@type\":\"EntryPoint\",\"urlTemplate\":\"https:\/\/profetrolls.pt\/?s={search_term_string}\"},\"query-input\":{\"@type\":\"PropertyValueSpecification\",\"valueRequired\":true,\"valueName\":\"search_term_string\"}}],\"inLanguage\":\"pt-PT\"},{\"@type\":\"Organization\",\"@id\":\"https:\/\/profetrolls.pt\/#organization\",\"name\":\"ProfeTrolls\",\"url\":\"https:\/\/profetrolls.pt\/\",\"logo\":{\"@type\":\"ImageObject\",\"inLanguage\":\"pt-PT\",\"@id\":\"https:\/\/profetrolls.pt\/#\/schema\/logo\/image\/\",\"url\":\"https:\/\/profetrolls.pt\/wp-content\/uploads\/2025\/09\/Logo_ProfeTrolls_cores_Alexandre_Ribeiro-scaled.png\",\"contentUrl\":\"https:\/\/profetrolls.pt\/wp-content\/uploads\/2025\/09\/Logo_ProfeTrolls_cores_Alexandre_Ribeiro-scaled.png\",\"width\":2560,\"height\":1806,\"caption\":\"ProfeTrolls\"},\"image\":{\"@id\":\"https:\/\/profetrolls.pt\/#\/schema\/logo\/image\/\"},\"sameAs\":[\"https:\/\/www.facebook.com\/profile.php?id=61556067064058\",\"https:\/\/www.instagram.com\/prof_e_trolls\/\"]}]}<\/script>\n<!-- \/ Yoast SEO plugin. -->","yoast_head_json":{"title":"Sobre n\u00f3s - ProfeTrolls","robots":{"index":"index","follow":"follow","max-snippet":"max-snippet:-1","max-image-preview":"max-image-preview:large","max-video-preview":"max-video-preview:-1"},"canonical":"https:\/\/profetrolls.pt\/?page_id=25","og_locale":"pt_PT","og_type":"article","og_title":"Sobre n\u00f3s - ProfeTrolls","og_description":"[vc_row full_width=&#8221;stretch_row&#8221; curly_bg_repeat=&#8221;bg-no-repeat&#8221; curly_bg_position=&#8221;bg-pos-center-bottom&#8221; curly_padding=&#8221;content-padding-lg&#8221; css=&#8221;.vc_custom_1497731114151{padding-top: 15% !important;background-image: url(http:\/\/profetrolls.pt\/wp-content\/uploads\/2017\/06\/OsloNationalTheater-11.jpg?id=56) !important;background-position: center !important;background-repeat: no-repeat !important;background-size: cover !important;}&#8221;][vc_column width=&#8221;1\/2&#8243;][vc_column_text css=&#8221;&#8221;] Sobre n\u00f3s [\/vc_column_text][vc_empty_space height=&#8221;&#8221; el_class=&#8221;xtd-spacer&#8211;lg&#8221;][vc_column_text css=&#8221;&#8221;] Os ProfeTrolls \u2013 Grupo de Teatro de Docentes \u2013 s\u00e3o, em primeiro lugar, um grupo de professores que gosta imenso de teatro. [\/vc_column_text][vc_empty_space height=&#8221;&#8221; el_class=&#8221;xtd-spacer&#8221;][\/vc_column][vc_column width=&#8221;5\/12&#8243; offset=&#8221;vc_col-sm-offset-1&#8243;][vc_single_image image=&#8221;246&#8243; img_size=&#8221;large&#8221; style=&#8221;xtd-shadow&#8211;large-hard&#8221; css=&#8221;&#8221; el_class=&#8221;xtd-offset-frame&#8221;][\/vc_column][\/vc_row][vc_row full_width=&#8221;stretch_row&#8221; curly_bg_repeat=&#8221;bg-no-repeat&#8221; curly_bg_position=&#8221;bg-pos-center-bottom&#8221; curly_bg_parallax=&#8221;true&#8221; [&hellip;]","og_url":"https:\/\/profetrolls.pt\/?page_id=25","og_site_name":"ProfeTrolls","article_publisher":"https:\/\/www.facebook.com\/profile.php?id=61556067064058","article_modified_time":"2025-09-10T08:03:48+00:00","twitter_card":"summary_large_image","twitter_misc":{"Tempo estimado de leitura":"3 minutos"},"schema":{"@context":"https:\/\/schema.org","@graph":[{"@type":"WebPage","@id":"https:\/\/profetrolls.pt\/?page_id=25","url":"https:\/\/profetrolls.pt\/?page_id=25","name":"Sobre n\u00f3s - ProfeTrolls","isPartOf":{"@id":"https:\/\/profetrolls.pt\/#website"},"datePublished":"2017-06-14T21:44:09+00:00","dateModified":"2025-09-10T08:03:48+00:00","breadcrumb":{"@id":"https:\/\/profetrolls.pt\/?page_id=25#breadcrumb"},"inLanguage":"pt-PT","potentialAction":[{"@type":"ReadAction","target":["https:\/\/profetrolls.pt\/?page_id=25"]}]},{"@type":"BreadcrumbList","@id":"https:\/\/profetrolls.pt\/?page_id=25#breadcrumb","itemListElement":[{"@type":"ListItem","position":1,"name":"In\u00edcio","item":"https:\/\/profetrolls.pt\/"},{"@type":"ListItem","position":2,"name":"Sobre n\u00f3s"}]},{"@type":"WebSite","@id":"https:\/\/profetrolls.pt\/#website","url":"https:\/\/profetrolls.pt\/","name":"ProfeTrolls","description":"","publisher":{"@id":"https:\/\/profetrolls.pt\/#organization"},"potentialAction":[{"@type":"SearchAction","target":{"@type":"EntryPoint","urlTemplate":"https:\/\/profetrolls.pt\/?s={search_term_string}"},"query-input":{"@type":"PropertyValueSpecification","valueRequired":true,"valueName":"search_term_string"}}],"inLanguage":"pt-PT"},{"@type":"Organization","@id":"https:\/\/profetrolls.pt\/#organization","name":"ProfeTrolls","url":"https:\/\/profetrolls.pt\/","logo":{"@type":"ImageObject","inLanguage":"pt-PT","@id":"https:\/\/profetrolls.pt\/#\/schema\/logo\/image\/","url":"https:\/\/profetrolls.pt\/wp-content\/uploads\/2025\/09\/Logo_ProfeTrolls_cores_Alexandre_Ribeiro-scaled.png","contentUrl":"https:\/\/profetrolls.pt\/wp-content\/uploads\/2025\/09\/Logo_ProfeTrolls_cores_Alexandre_Ribeiro-scaled.png","width":2560,"height":1806,"caption":"ProfeTrolls"},"image":{"@id":"https:\/\/profetrolls.pt\/#\/schema\/logo\/image\/"},"sameAs":["https:\/\/www.facebook.com\/profile.php?id=61556067064058","https:\/\/www.instagram.com\/prof_e_trolls\/"]}]}},"_links":{"self":[{"href":"https:\/\/profetrolls.pt\/index.php?rest_route=\/wp\/v2\/pages\/25","targetHints":{"allow":["GET"]}}],"collection":[{"href":"https:\/\/profetrolls.pt\/index.php?rest_route=\/wp\/v2\/pages"}],"about":[{"href":"https:\/\/profetrolls.pt\/index.php?rest_route=\/wp\/v2\/types\/page"}],"author":[{"embeddable":true,"href":"https:\/\/profetrolls.pt\/index.php?rest_route=\/wp\/v2\/users\/2"}],"replies":[{"embeddable":true,"href":"https:\/\/profetrolls.pt\/index.php?rest_route=%2Fwp%2Fv2%2Fcomments&post=25"}],"version-history":[{"count":13,"href":"https:\/\/profetrolls.pt\/index.php?rest_route=\/wp\/v2\/pages\/25\/revisions"}],"predecessor-version":[{"id":247,"href":"https:\/\/profetrolls.pt\/index.php?rest_route=\/wp\/v2\/pages\/25\/revisions\/247"}],"wp:attachment":[{"href":"https:\/\/profetrolls.pt\/index.php?rest_route=%2Fwp%2Fv2%2Fmedia&parent=25"}],"curies":[{"name":"wp","href":"https:\/\/api.w.org\/{rel}","templated":true}]}}