{"id":23,"date":"2017-06-14T21:43:45","date_gmt":"2017-06-14T21:43:45","guid":{"rendered":"http:\/\/demo.curlythemes.com\/theatrewp\/?page_id=23"},"modified":"2025-09-08T14:49:08","modified_gmt":"2025-09-08T14:49:08","slug":"calendar","status":"publish","type":"page","link":"https:\/\/profetrolls.pt\/?page_id=23","title":{"rendered":"Agenda"},"content":{"rendered":"<div class=\"wpb-content-wrapper\">[vc_row curly_padding=&#8221;content-padding-lg&#8221;][vc_column][vc_column_text css=&#8221;&#8221;]\n<h1 class=\"special-title display-1\" style=\"text-align: center;\">Pr\u00f3ximas Apresenta\u00e7\u00f5es<\/h1>\n[\/vc_column_text][vc_empty_space height=&#8221;&#8221; el_class=&#8221;xtd-spacer&#8211;lg&#8221;]\t\t<div class=\"wcs-timetable__wrapper\">\n\t\t\t<div class=\"wcs-vue\" id=\"wcs-app-3\"><\/div>\n\t\t<\/div>\n\t\t[vc_empty_space height=&#8221;&#8221; el_class=&#8221;xtd-spacer&#8211;sm&#8221;][\/vc_column][\/vc_row][vc_row curly_padding=&#8221;content-padding-xl&#8221; css=&#8221;.vc_custom_1496170073912{margin-left: -75px !important;}&#8221;][vc_column][vc_column_text css=&#8221;&#8221;]\n<h1 class=\"special-title\" style=\"text-align: center;\">Agenda<\/h1>\n[\/vc_column_text][vc_empty_space height=&#8221;&#8221; el_class=&#8221;xtd-spacer&#8211;lg&#8221;]\t\t<div class=\"wcs-timetable__wrapper\">\n\t\t\t<div class=\"wcs-vue\" id=\"wcs-app-1\"><\/div>\n\t\t<\/div>\n\t\t[\/vc_column][\/vc_row][vc_row][vc_column][\/vc_column][\/vc_row]\n<\/div>","protected":false},"excerpt":{"rendered":"<p>[vc_row curly_padding=&#8221;content-padding-lg&#8221;][vc_column][vc_column_text css=&#8221;&#8221;] Pr\u00f3ximas Apresenta\u00e7\u00f5es [\/vc_column_text][vc_empty_space height=&#8221;&#8221; el_class=&#8221;xtd-spacer&#8211;lg&#8221;][vc_empty_space height=&#8221;&#8221; el_class=&#8221;xtd-spacer&#8211;sm&#8221;][\/vc_column][\/vc_row][vc_row curly_padding=&#8221;content-padding-xl&#8221; css=&#8221;.vc_custom_1496170073912{margin-left: -75px !important;}&#8221;][vc_column][vc_column_text css=&#8221;&#8221;] Agenda [\/vc_column_text][vc_empty_space height=&#8221;&#8221; el_class=&#8221;xtd-spacer&#8211;lg&#8221;][\/vc_column][\/vc_row][vc_row][vc_column][\/vc_column][\/vc_row]<\/p>\n","protected":false},"author":2,"featured_media":0,"parent":0,"menu_order":0,"comment_status":"closed","ping_status":"closed","template":"","meta":{"inline_featured_image":false,"footnotes":""},"class_list":["post-23","page","type-page","status-publish","hentry"],"yoast_head":"<!-- This site is optimized with the Yoast SEO plugin v25.9 - https:\/\/yoast.com\/wordpress\/plugins\/seo\/ -->\n<title>Agenda - ProfeTrolls<\/title>\n<meta name=\"robots\" content=\"index, follow, max-snippet:-1, max-image-preview:large, max-video-preview:-1\" \/>\n<link rel=\"canonical\" href=\"https:\/\/profetrolls.pt\/?page_id=23\" \/>\n<meta property=\"og:locale\" content=\"pt_PT\" \/>\n<meta property=\"og:type\" content=\"article\" \/>\n<meta property=\"og:title\" content=\"Agenda - ProfeTrolls\" \/>\n<meta property=\"og:description\" content=\"[vc_row curly_padding=&#8221;content-padding-lg&#8221;][vc_column][vc_column_text css=&#8221;&#8221;] Pr\u00f3ximas Apresenta\u00e7\u00f5es [\/vc_column_text][vc_empty_space height=&#8221;&#8221; el_class=&#8221;xtd-spacer&#8211;lg&#8221;][vc_empty_space height=&#8221;&#8221; el_class=&#8221;xtd-spacer&#8211;sm&#8221;][\/vc_column][\/vc_row][vc_row curly_padding=&#8221;content-padding-xl&#8221; css=&#8221;.vc_custom_1496170073912{margin-left: -75px !important;}&#8221;][vc_column][vc_column_text css=&#8221;&#8221;] Agenda [\/vc_column_text][vc_empty_space height=&#8221;&#8221; el_class=&#8221;xtd-spacer&#8211;lg&#8221;][\/vc_column][\/vc_row][vc_row][vc_column][\/vc_column][\/vc_row]\" \/>\n<meta property=\"og:url\" content=\"https:\/\/profetrolls.pt\/?page_id=23\" \/>\n<meta property=\"og:site_name\" content=\"ProfeTrolls\" \/>\n<meta property=\"article:publisher\" content=\"https:\/\/www.facebook.com\/profile.php?id=61556067064058\" \/>\n<meta property=\"article:modified_time\" content=\"2025-09-08T14:49:08+00:00\" \/>\n<meta name=\"twitter:card\" content=\"summary_large_image\" \/>\n<script type=\"application\/ld+json\" class=\"yoast-schema-graph\">{\"@context\":\"https:\/\/schema.org\",\"@graph\":[{\"@type\":\"WebPage\",\"@id\":\"https:\/\/profetrolls.pt\/?page_id=23\",\"url\":\"https:\/\/profetrolls.pt\/?page_id=23\",\"name\":\"Agenda - ProfeTrolls\",\"isPartOf\":{\"@id\":\"https:\/\/profetrolls.pt\/#website\"},\"datePublished\":\"2017-06-14T21:43:45+00:00\",\"dateModified\":\"2025-09-08T14:49:08+00:00\",\"breadcrumb\":{\"@id\":\"https:\/\/profetrolls.pt\/?page_id=23#breadcrumb\"},\"inLanguage\":\"pt-PT\",\"potentialAction\":[{\"@type\":\"ReadAction\",\"target\":[\"https:\/\/profetrolls.pt\/?page_id=23\"]}]},{\"@type\":\"BreadcrumbList\",\"@id\":\"https:\/\/profetrolls.pt\/?page_id=23#breadcrumb\",\"itemListElement\":[{\"@type\":\"ListItem\",\"position\":1,\"name\":\"In\u00edcio\",\"item\":\"https:\/\/profetrolls.pt\/\"},{\"@type\":\"ListItem\",\"position\":2,\"name\":\"Agenda\"}]},{\"@type\":\"WebSite\",\"@id\":\"https:\/\/profetrolls.pt\/#website\",\"url\":\"https:\/\/profetrolls.pt\/\",\"name\":\"ProfeTrolls\",\"description\":\"\",\"publisher\":{\"@id\":\"https:\/\/profetrolls.pt\/#organization\"},\"potentialAction\":[{\"@type\":\"SearchAction\",\"target\":{\"@type\":\"EntryPoint\",\"urlTemplate\":\"https:\/\/profetrolls.pt\/?s={search_term_string}\"},\"query-input\":{\"@type\":\"PropertyValueSpecification\",\"valueRequired\":true,\"valueName\":\"search_term_string\"}}],\"inLanguage\":\"pt-PT\"},{\"@type\":\"Organization\",\"@id\":\"https:\/\/profetrolls.pt\/#organization\",\"name\":\"ProfeTrolls\",\"url\":\"https:\/\/profetrolls.pt\/\",\"logo\":{\"@type\":\"ImageObject\",\"inLanguage\":\"pt-PT\",\"@id\":\"https:\/\/profetrolls.pt\/#\/schema\/logo\/image\/\",\"url\":\"https:\/\/profetrolls.pt\/wp-content\/uploads\/2025\/09\/Logo_ProfeTrolls_cores_Alexandre_Ribeiro-scaled.png\",\"contentUrl\":\"https:\/\/profetrolls.pt\/wp-content\/uploads\/2025\/09\/Logo_ProfeTrolls_cores_Alexandre_Ribeiro-scaled.png\",\"width\":2560,\"height\":1806,\"caption\":\"ProfeTrolls\"},\"image\":{\"@id\":\"https:\/\/profetrolls.pt\/#\/schema\/logo\/image\/\"},\"sameAs\":[\"https:\/\/www.facebook.com\/profile.php?id=61556067064058\",\"https:\/\/www.instagram.com\/prof_e_trolls\/\"]}]}<\/script>\n<!-- \/ Yoast SEO plugin. -->","yoast_head_json":{"title":"Agenda - ProfeTrolls","robots":{"index":"index","follow":"follow","max-snippet":"max-snippet:-1","max-image-preview":"max-image-preview:large","max-video-preview":"max-video-preview:-1"},"canonical":"https:\/\/profetrolls.pt\/?page_id=23","og_locale":"pt_PT","og_type":"article","og_title":"Agenda - ProfeTrolls","og_description":"[vc_row curly_padding=&#8221;content-padding-lg&#8221;][vc_column][vc_column_text css=&#8221;&#8221;] Pr\u00f3ximas Apresenta\u00e7\u00f5es [\/vc_column_text][vc_empty_space height=&#8221;&#8221; el_class=&#8221;xtd-spacer&#8211;lg&#8221;][vc_empty_space height=&#8221;&#8221; el_class=&#8221;xtd-spacer&#8211;sm&#8221;][\/vc_column][\/vc_row][vc_row curly_padding=&#8221;content-padding-xl&#8221; css=&#8221;.vc_custom_1496170073912{margin-left: -75px !important;}&#8221;][vc_column][vc_column_text css=&#8221;&#8221;] Agenda [\/vc_column_text][vc_empty_space height=&#8221;&#8221; el_class=&#8221;xtd-spacer&#8211;lg&#8221;][\/vc_column][\/vc_row][vc_row][vc_column][\/vc_column][\/vc_row]","og_url":"https:\/\/profetrolls.pt\/?page_id=23","og_site_name":"ProfeTrolls","article_publisher":"https:\/\/www.facebook.com\/profile.php?id=61556067064058","article_modified_time":"2025-09-08T14:49:08+00:00","twitter_card":"summary_large_image","schema":{"@context":"https:\/\/schema.org","@graph":[{"@type":"WebPage","@id":"https:\/\/profetrolls.pt\/?page_id=23","url":"https:\/\/profetrolls.pt\/?page_id=23","name":"Agenda - ProfeTrolls","isPartOf":{"@id":"https:\/\/profetrolls.pt\/#website"},"datePublished":"2017-06-14T21:43:45+00:00","dateModified":"2025-09-08T14:49:08+00:00","breadcrumb":{"@id":"https:\/\/profetrolls.pt\/?page_id=23#breadcrumb"},"inLanguage":"pt-PT","potentialAction":[{"@type":"ReadAction","target":["https:\/\/profetrolls.pt\/?page_id=23"]}]},{"@type":"BreadcrumbList","@id":"https:\/\/profetrolls.pt\/?page_id=23#breadcrumb","itemListElement":[{"@type":"ListItem","position":1,"name":"In\u00edcio","item":"https:\/\/profetrolls.pt\/"},{"@type":"ListItem","position":2,"name":"Agenda"}]},{"@type":"WebSite","@id":"https:\/\/profetrolls.pt\/#website","url":"https:\/\/profetrolls.pt\/","name":"ProfeTrolls","description":"","publisher":{"@id":"https:\/\/profetrolls.pt\/#organization"},"potentialAction":[{"@type":"SearchAction","target":{"@type":"EntryPoint","urlTemplate":"https:\/\/profetrolls.pt\/?s={search_term_string}"},"query-input":{"@type":"PropertyValueSpecification","valueRequired":true,"valueName":"search_term_string"}}],"inLanguage":"pt-PT"},{"@type":"Organization","@id":"https:\/\/profetrolls.pt\/#organization","name":"ProfeTrolls","url":"https:\/\/profetrolls.pt\/","logo":{"@type":"ImageObject","inLanguage":"pt-PT","@id":"https:\/\/profetrolls.pt\/#\/schema\/logo\/image\/","url":"https:\/\/profetrolls.pt\/wp-content\/uploads\/2025\/09\/Logo_ProfeTrolls_cores_Alexandre_Ribeiro-scaled.png","contentUrl":"https:\/\/profetrolls.pt\/wp-content\/uploads\/2025\/09\/Logo_ProfeTrolls_cores_Alexandre_Ribeiro-scaled.png","width":2560,"height":1806,"caption":"ProfeTrolls"},"image":{"@id":"https:\/\/profetrolls.pt\/#\/schema\/logo\/image\/"},"sameAs":["https:\/\/www.facebook.com\/profile.php?id=61556067064058","https:\/\/www.instagram.com\/prof_e_trolls\/"]}]}},"_links":{"self":[{"href":"https:\/\/profetrolls.pt\/index.php?rest_route=\/wp\/v2\/pages\/23","targetHints":{"allow":["GET"]}}],"collection":[{"href":"https:\/\/profetrolls.pt\/index.php?rest_route=\/wp\/v2\/pages"}],"about":[{"href":"https:\/\/profetrolls.pt\/index.php?rest_route=\/wp\/v2\/types\/page"}],"author":[{"embeddable":true,"href":"https:\/\/profetrolls.pt\/index.php?rest_route=\/wp\/v2\/users\/2"}],"replies":[{"embeddable":true,"href":"https:\/\/profetrolls.pt\/index.php?rest_route=%2Fwp%2Fv2%2Fcomments&post=23"}],"version-history":[{"count":8,"href":"https:\/\/profetrolls.pt\/index.php?rest_route=\/wp\/v2\/pages\/23\/revisions"}],"predecessor-version":[{"id":245,"href":"https:\/\/profetrolls.pt\/index.php?rest_route=\/wp\/v2\/pages\/23\/revisions\/245"}],"wp:attachment":[{"href":"https:\/\/profetrolls.pt\/index.php?rest_route=%2Fwp%2Fv2%2Fmedia&parent=23"}],"curies":[{"name":"wp","href":"https:\/\/api.w.org\/{rel}","templated":true}]}}